{"id":109,"date":"2020-05-07T09:18:19","date_gmt":"2020-05-07T09:18:19","guid":{"rendered":"https:\/\/surgelati.bottegagastronomica.it\/?page_id=109"},"modified":"2024-01-22T14:27:50","modified_gmt":"2024-01-22T14:27:50","slug":"asporto-prodotti-caldi","status":"publish","type":"page","link":"https:\/\/surgelati.bottegagastronomica.it\/de\/","title":{"rendered":"Prodotti surgelati"},"content":{"rendered":"<p>[et_pb_section fb_built=&#8221;1&#8243; _builder_version=&#8221;4.16&#8243; _module_preset=&#8221;default&#8221; background_image=&#8221;https:\/\/surgelati.bottegagastronomica.it\/wp-content\/uploads\/2020\/10\/3265.jpg&#8221; background_position=&#8221;top_center&#8221; bottom_divider_style=&#8221;ramp2&#8243; bottom_divider_color=&#8221;#ffffff&#8221; background_last_edited=&#8221;on|phone&#8221; background_image_phone=&#8221;https:\/\/surgelati.bottegagastronomica.it\/wp-content\/uploads\/2020\/11\/heromobile.jpg&#8221; background_enable_image_phone=&#8221;on&#8221; global_colors_info=&#8221;{}&#8221; title_text_phone=&#8221;heromobile&#8221;][et_pb_row _builder_version=&#8221;4.16&#8243; _module_preset=&#8221;default&#8221; custom_padding=&#8221;||356px|||&#8221; global_colors_info=&#8221;{}&#8221;][et_pb_column type=&#8221;4_4&#8243; _builder_version=&#8221;4.16&#8243; _module_preset=&#8221;default&#8221; global_colors_info=&#8221;{}&#8221;][et_pb_text _builder_version=&#8221;4.18.0&#8243; _module_preset=&#8221;default&#8221; header_font_size=&#8221;3.2em&#8221; header_line_height=&#8221;1.5em&#8221; header_2_font_size=&#8221;2.6em&#8221; header_2_line_height=&#8221;1.5em&#8221; header_3_font_size=&#8221;2.6em&#8221; header_3_line_height=&#8221;1.5em&#8221; header_4_font_size=&#8221;2em&#8221; header_4_line_height=&#8221;1.5em&#8221; background_layout=&#8221;dark&#8221; custom_margin=&#8221;||||false|false&#8221; custom_margin_last_edited=&#8221;off|phone&#8221; header_font_size_tablet=&#8221;2.8em&#8221; header_font_size_phone=&#8221;2em&#8221; header_font_size_last_edited=&#8221;on|phone&#8221; header_2_font_size_tablet=&#8221;2.2em&#8221; header_2_font_size_phone=&#8221;1.6em&#8221; header_2_font_size_last_edited=&#8221;on|phone&#8221; header_3_font_size_tablet=&#8221;2.2em&#8221; header_3_font_size_phone=&#8221;1.6em&#8221; header_3_font_size_last_edited=&#8221;on|phone&#8221; header_4_font_size_tablet=&#8221;1.6em&#8221; header_4_font_size_phone=&#8221;1.4em&#8221; header_4_font_size_last_edited=&#8221;on|phone&#8221; text_text_shadow_style=&#8221;preset3&#8243; text_text_shadow_color=&#8221;#000000&#8243; global_colors_info=&#8221;{}&#8221;]<\/p>\n<h1>Specialit\u00e0 emiliane surgelate<\/h1>\n<h5>Spediamo in diverse provincie italiane al di fuori della provincia di Reggio Emilia.<\/h5>\n<p>[\/et_pb_text][et_pb_text _builder_version=&#8221;4.18.0&#8243; _module_preset=&#8221;default&#8221; header_font_size=&#8221;3.2em&#8221; header_line_height=&#8221;1.5em&#8221; header_2_font_size=&#8221;2.6em&#8221; header_2_line_height=&#8221;1.5em&#8221; header_3_font_size=&#8221;2.6em&#8221; header_3_line_height=&#8221;1.5em&#8221; header_4_font_size=&#8221;2em&#8221; header_4_line_height=&#8221;1.5em&#8221; text_orientation=&#8221;justified&#8221; background_layout=&#8221;dark&#8221; custom_margin=&#8221;||||false|false&#8221; custom_margin_last_edited=&#8221;off|phone&#8221; header_font_size_tablet=&#8221;2.8em&#8221; header_font_size_phone=&#8221;2em&#8221; header_font_size_last_edited=&#8221;on|phone&#8221; header_2_font_size_tablet=&#8221;2.2em&#8221; header_2_font_size_phone=&#8221;1.6em&#8221; header_2_font_size_last_edited=&#8221;on|phone&#8221; header_3_font_size_tablet=&#8221;2.2em&#8221; header_3_font_size_phone=&#8221;1.6em&#8221; header_3_font_size_last_edited=&#8221;on|phone&#8221; header_4_font_size_tablet=&#8221;1.6em&#8221; header_4_font_size_phone=&#8221;1.4em&#8221; header_4_font_size_last_edited=&#8221;on|phone&#8221; text_text_shadow_style=&#8221;preset3&#8243; text_text_shadow_blur_strength=&#8221;1em&#8221; text_text_shadow_color=&#8221;#000000&#8243; global_colors_info=&#8221;{}&#8221;]<\/p>\n<p><strong>Bottega Gastronomica porta direttamente a casa tua la bont\u00e0 della cucina emiliana surgelata e pronta per l&#8217;uso. Questo servizio di consegna \u00e8 stato appositamente pensato per chi non abita a Reggio Emilia e non pu\u00f2 trovare i nostri prodotti nei negozi e nei supermercati.<\/strong><\/p>\n<p><strong>Componi il tuo Baule Emiliano con i tuoi prodotti preferiti. Ideale per fare un regalo.<\/strong><\/p>\n<p>[\/et_pb_text][et_pb_button button_url=&#8221;#baule&#8221; button_text=&#8221;Componi il tuo Baule Emiliano&#8221; disabled_on=&#8221;on|on|on&#8221; _builder_version=&#8221;4.23.1&#8243; _module_preset=&#8221;default&#8221; custom_button=&#8221;on&#8221; button_text_size=&#8221;17px&#8221; button_text_color=&#8221;#472a0e&#8221; button_bg_color=&#8221;#fbb900&#8243; button_font=&#8221;|700|||||||&#8221; button_use_icon=&#8221;off&#8221; custom_margin=&#8221;||-0.1%||false|false&#8221; custom_margin_tablet=&#8221;&#8221; custom_margin_phone=&#8221;||60%||false|false&#8221; custom_margin_last_edited=&#8221;on|desktop&#8221; button_bg_color_last_edited=&#8221;off|desktop&#8221; disabled=&#8221;on&#8221; global_colors_info=&#8221;{}&#8221; button_bg_color__hover_enabled=&#8221;on|hover&#8221; button_bg_color__hover=&#8221;#472a0e&#8221; button_bg_enable_color__hover=&#8221;on&#8221; button_text_color__hover_enabled=&#8221;on|desktop&#8221; button_text_color__hover=&#8221;#fbb900&#8243;][\/et_pb_button][et_pb_text _builder_version=&#8221;4.23.1&#8243; _module_preset=&#8221;default&#8221; header_font_size=&#8221;3.2em&#8221; header_line_height=&#8221;1.5em&#8221; header_2_font_size=&#8221;2.6em&#8221; header_2_line_height=&#8221;1.5em&#8221; header_3_font_size=&#8221;2.6em&#8221; header_3_line_height=&#8221;1.5em&#8221; header_4_font_size=&#8221;2em&#8221; header_4_line_height=&#8221;1.5em&#8221; background_color=&#8221;#FA7900&#8243; text_orientation=&#8221;justified&#8221; background_layout=&#8221;dark&#8221; custom_margin=&#8221;||||false|false&#8221; custom_margin_last_edited=&#8221;off|phone&#8221; header_font_size_tablet=&#8221;2.8em&#8221; header_font_size_phone=&#8221;2em&#8221; header_font_size_last_edited=&#8221;on|phone&#8221; header_2_font_size_tablet=&#8221;2.2em&#8221; header_2_font_size_phone=&#8221;1.6em&#8221; header_2_font_size_last_edited=&#8221;on|phone&#8221; header_3_font_size_tablet=&#8221;2.2em&#8221; header_3_font_size_phone=&#8221;1.6em&#8221; header_3_font_size_last_edited=&#8221;on|phone&#8221; header_4_font_size_tablet=&#8221;1.6em&#8221; header_4_font_size_phone=&#8221;1.4em&#8221; header_4_font_size_last_edited=&#8221;on|phone&#8221; text_text_shadow_style=&#8221;preset3&#8243; text_text_shadow_blur_strength=&#8221;1em&#8221; text_text_shadow_color=&#8221;#000000&#8243; global_colors_info=&#8221;{}&#8221;]<\/p>\n<h2 style=\"text-align: center;\"><strong>SI COMUNICA ALLA GENTILE CLIENTELA<br \/>che il servizio \u00e8 temporaneamente sospeso<\/strong><strong><\/strong><\/h2>\n<p>[\/et_pb_text][\/et_pb_column][\/et_pb_row][\/et_pb_section][et_pb_section fb_built=&#8221;1&#8243; _builder_version=&#8221;4.16&#8243; _module_preset=&#8221;default&#8221; background_color=&#8221;#ffffff&#8221; custom_padding=&#8221;||0px|||&#8221; global_colors_info=&#8221;{}&#8221;][et_pb_row _builder_version=&#8221;4.16&#8243; _module_preset=&#8221;default&#8221; global_colors_info=&#8221;{}&#8221;][et_pb_column type=&#8221;4_4&#8243; _builder_version=&#8221;4.16&#8243; _module_preset=&#8221;default&#8221; global_colors_info=&#8221;{}&#8221;][et_pb_text _builder_version=&#8221;4.16&#8243; _module_preset=&#8221;default&#8221; header_font_size=&#8221;3.2em&#8221; header_line_height=&#8221;1.5em&#8221; header_2_font_size=&#8221;2.6em&#8221; header_2_line_height=&#8221;1.5em&#8221; header_3_font_size=&#8221;2.6em&#8221; header_3_line_height=&#8221;1.5em&#8221; header_4_font_size=&#8221;2em&#8221; header_4_line_height=&#8221;1.5em&#8221; custom_margin_phone=&#8221;||90%||false|false&#8221; custom_margin_last_edited=&#8221;off|desktop&#8221; header_font_size_tablet=&#8221;2.8em&#8221; header_font_size_phone=&#8221;2em&#8221; header_font_size_last_edited=&#8221;on|phone&#8221; header_2_font_size_tablet=&#8221;2.2em&#8221; header_2_font_size_phone=&#8221;1.6em&#8221; header_2_font_size_last_edited=&#8221;on|phone&#8221; header_3_font_size_tablet=&#8221;2.2em&#8221; header_3_font_size_phone=&#8221;1.6em&#8221; header_3_font_size_last_edited=&#8221;on|phone&#8221; header_4_font_size_tablet=&#8221;1.6em&#8221; header_4_font_size_phone=&#8221;1.4em&#8221; header_4_font_size_last_edited=&#8221;on|phone&#8221; global_colors_info=&#8221;{}&#8221;]<\/p>\n<h2>Selezione di alcuni dei nostri prodotti artigianali comodamente a casa tua<\/h2>\n<p>[\/et_pb_text][\/et_pb_column][\/et_pb_row][et_pb_row use_custom_gutter=&#8221;on&#8221; gutter_width=&#8221;2&#8243; _builder_version=&#8221;4.16&#8243; _module_preset=&#8221;default&#8221; width=&#8221;95%&#8221; max_width=&#8221;95%&#8221; custom_padding=&#8221;||0px|||&#8221; global_colors_info=&#8221;{}&#8221;][et_pb_column type=&#8221;4_4&#8243; _builder_version=&#8221;4.16&#8243; _module_preset=&#8221;default&#8221; global_colors_info=&#8221;{}&#8221;][et_pb_shop type=&#8221;best_selling&#8221; posts_number=&#8221;32&#8243; columns_number=&#8221;4&#8243; orderby=&#8221;popularity&#8221; disabled_on=&#8221;on|on|on&#8221; _builder_version=&#8221;4.23.1&#8243; _module_preset=&#8221;default&#8221; price_text_color=&#8221;#FFFFFF&#8221; background_color=&#8221;rgba(0,0,0,0)&#8221; text_orientation=&#8221;center&#8221; custom_padding=&#8221;0px|30px|0px|30px|true|true&#8221; custom_css_price=&#8221;display:none !important;&#8221; custom_css_price_old=&#8221;display:none !important;&#8221; disabled=&#8221;on&#8221; global_colors_info=&#8221;{}&#8221; custom_css_product_last_edited=&#8221;off|desktop&#8221; custom_css_price_phone=&#8221;display:none !important;&#8221; custom_css_price_last_edited=&#8221;off|desktop&#8221; custom_css_price_old_last_edited=&#8221;off|desktop&#8221;][\/et_pb_shop][\/et_pb_column][\/et_pb_row][\/et_pb_section][et_pb_section fb_built=&#8221;1&#8243; _builder_version=&#8221;4.16&#8243; _module_preset=&#8221;default&#8221; background_color=&#8221;rgba(0,0,0,0)&#8221; background_image=&#8221;https:\/\/surgelati.bottegagastronomica.it\/wp-content\/uploads\/2020\/10\/artigianale.jpg&#8221; width=&#8221;100%&#8221; custom_padding=&#8221;0px||0px||true|false&#8221; top_divider_style=&#8221;ramp2&#8243; top_divider_color=&#8221;#ffffff&#8221; bottom_divider_style=&#8221;curve2&#8243; bottom_divider_color=&#8221;#ffffff&#8221; global_colors_info=&#8221;{}&#8221;][et_pb_row column_structure=&#8221;1_2,1_2&#8243; _builder_version=&#8221;4.16&#8243; _module_preset=&#8221;default&#8221; global_colors_info=&#8221;{}&#8221;][et_pb_column type=&#8221;1_2&#8243; _builder_version=&#8221;4.16&#8243; _module_preset=&#8221;default&#8221; global_colors_info=&#8221;{}&#8221;][\/et_pb_column][et_pb_column type=&#8221;1_2&#8243; _builder_version=&#8221;4.16&#8243; _module_preset=&#8221;default&#8221; global_colors_info=&#8221;{}&#8221;][et_pb_text _builder_version=&#8221;4.16&#8243; _module_preset=&#8221;default&#8221; header_font_size=&#8221;3.2em&#8221; header_line_height=&#8221;1.5em&#8221; header_2_font_size=&#8221;2.6em&#8221; header_2_line_height=&#8221;1.5em&#8221; header_3_font_size=&#8221;2.6em&#8221; header_3_line_height=&#8221;1.5em&#8221; header_4_font_size=&#8221;2em&#8221; header_4_line_height=&#8221;1.5em&#8221; background_layout=&#8221;dark&#8221; custom_margin=&#8221;40%||40%||true|false&#8221; custom_margin_phone=&#8221;||90%||false|false&#8221; custom_margin_last_edited=&#8221;off|desktop&#8221; header_font_size_tablet=&#8221;2.8em&#8221; header_font_size_phone=&#8221;2em&#8221; header_font_size_last_edited=&#8221;on|phone&#8221; header_2_font_size_tablet=&#8221;2.2em&#8221; header_2_font_size_phone=&#8221;1.6em&#8221; header_2_font_size_last_edited=&#8221;on|phone&#8221; header_3_font_size_tablet=&#8221;2.2em&#8221; header_3_font_size_phone=&#8221;1.6em&#8221; header_3_font_size_last_edited=&#8221;on|phone&#8221; header_4_font_size_tablet=&#8221;1.6em&#8221; header_4_font_size_phone=&#8221;1.4em&#8221; header_4_font_size_last_edited=&#8221;on|phone&#8221; text_text_shadow_style=&#8221;preset3&#8243; text_text_shadow_color=&#8221;rgba(71,42,14,0.56)&#8221; global_colors_info=&#8221;{}&#8221;]<\/p>\n<h2>Pasta all&#8217;uovo ripiena artigianale.<\/h2>\n<h4>Naturalmente Tradizionale<\/h4>\n<p><a name=\"baule\"><\/a>[\/et_pb_text][\/et_pb_column][\/et_pb_row][\/et_pb_section][et_pb_section fb_built=&#8221;1&#8243; next_background_color=&#8221;#F3F3F1&#8243; _builder_version=&#8221;4.16&#8243; _module_preset=&#8221;default&#8221; bottom_divider_style=&#8221;ramp2&#8243; global_colors_info=&#8221;{}&#8221;][et_pb_row column_structure=&#8221;1_2,1_2&#8243; _builder_version=&#8221;4.16&#8243; _module_preset=&#8221;default&#8221; global_colors_info=&#8221;{}&#8221;][et_pb_column type=&#8221;1_2&#8243; _builder_version=&#8221;4.16&#8243; _module_preset=&#8221;default&#8221; global_colors_info=&#8221;{}&#8221;][et_pb_text _builder_version=&#8221;4.18.0&#8243; _module_preset=&#8221;default&#8221; text_line_height=&#8221;1.6em&#8221; header_font_size=&#8221;3.2em&#8221; header_line_height=&#8221;1.5em&#8221; header_2_font_size=&#8221;2.6em&#8221; header_2_line_height=&#8221;1.5em&#8221; header_3_font_size=&#8221;2.6em&#8221; header_3_line_height=&#8221;1.5em&#8221; header_4_font_size=&#8221;2em&#8221; header_4_line_height=&#8221;1.5em&#8221; text_orientation=&#8221;justified&#8221; custom_margin_phone=&#8221;||90%||false|false&#8221; custom_margin_last_edited=&#8221;off|desktop&#8221; header_font_size_tablet=&#8221;2.8em&#8221; header_font_size_phone=&#8221;2em&#8221; header_font_size_last_edited=&#8221;on|phone&#8221; header_2_font_size_tablet=&#8221;2.2em&#8221; header_2_font_size_phone=&#8221;1.6em&#8221; header_2_font_size_last_edited=&#8221;on|phone&#8221; header_3_font_size_tablet=&#8221;2.2em&#8221; header_3_font_size_phone=&#8221;1.6em&#8221; header_3_font_size_last_edited=&#8221;on|phone&#8221; header_4_font_size_tablet=&#8221;1.6em&#8221; header_4_font_size_phone=&#8221;1.4em&#8221; header_4_font_size_last_edited=&#8221;on|phone&#8221; global_colors_info=&#8221;{}&#8221;]<\/p>\n<h2>Baule Emiliano<\/h2>\n<p>Il nostro servizio non \u00e8 disponibile a Reggio Emilia, dove i nostri prodotti si trovano gi\u00e0 nel nostro spaccio o nei negozi. Il nostro Baule porter\u00e0 a casa tua o dei tuoi amici un angolo di Emilia: perfetto per una scorpacciata di cappelletti o per un regalo diverso dal solito.<\/p>\n<p>Riempilo con i prodotti che desideri e, grazie al nostro imballaggio termico, il nostro baule porter\u00e0 tutto il Gusto e la Tradizione direttamente a casa tua.<\/p>\n<p><strong>Tutti i nostri prodotti sono spediti all&#8217;interno di questa speciale confezione.<\/strong><\/p>\n<p>[\/et_pb_text][et_pb_button button_url=&#8221;https:\/\/surgelati.bottegagastronomica.it\/categoria-prodotto\/prodotti-surgelati\/&#8221; button_text=&#8221;Aggiungi i prodotti al Baule&#8221; disabled_on=&#8221;on|on|on&#8221; _builder_version=&#8221;4.23.1&#8243; _module_preset=&#8221;default&#8221; custom_button=&#8221;on&#8221; button_text_size=&#8221;17px&#8221; button_text_color=&#8221;#472a0e&#8221; button_bg_color=&#8221;#fbb900&#8243; button_font=&#8221;|700|||||||&#8221; button_use_icon=&#8221;off&#8221; custom_margin_phone=&#8221;||60%||false|false&#8221; custom_margin_last_edited=&#8221;off|desktop&#8221; button_bg_color_last_edited=&#8221;off|desktop&#8221; disabled=&#8221;on&#8221; locked=&#8221;off&#8221; global_colors_info=&#8221;{}&#8221; button_bg_color__hover_enabled=&#8221;on|hover&#8221; button_bg_color__hover=&#8221;#472a0e&#8221; button_bg_enable_color__hover=&#8221;on&#8221; button_text_color__hover_enabled=&#8221;on|desktop&#8221; button_text_color__hover=&#8221;#fbb900&#8243;][\/et_pb_button][et_pb_text _builder_version=&#8221;4.23.1&#8243; _module_preset=&#8221;default&#8221; header_font_size=&#8221;3.2em&#8221; header_line_height=&#8221;1.5em&#8221; header_2_font_size=&#8221;2.6em&#8221; header_2_line_height=&#8221;1.5em&#8221; header_3_font_size=&#8221;2.6em&#8221; header_3_line_height=&#8221;1.5em&#8221; header_4_font_size=&#8221;2em&#8221; header_4_line_height=&#8221;1.5em&#8221; background_color=&#8221;#FA7900&#8243; text_orientation=&#8221;justified&#8221; background_layout=&#8221;dark&#8221; custom_margin=&#8221;||||false|false&#8221; custom_margin_last_edited=&#8221;off|phone&#8221; header_font_size_tablet=&#8221;2.8em&#8221; header_font_size_phone=&#8221;2em&#8221; header_font_size_last_edited=&#8221;on|phone&#8221; header_2_font_size_tablet=&#8221;2.2em&#8221; header_2_font_size_phone=&#8221;1.6em&#8221; header_2_font_size_last_edited=&#8221;on|phone&#8221; header_3_font_size_tablet=&#8221;2.2em&#8221; header_3_font_size_phone=&#8221;1.6em&#8221; header_3_font_size_last_edited=&#8221;on|phone&#8221; header_4_font_size_tablet=&#8221;1.6em&#8221; header_4_font_size_phone=&#8221;1.4em&#8221; header_4_font_size_last_edited=&#8221;on|phone&#8221; text_text_shadow_style=&#8221;preset3&#8243; text_text_shadow_blur_strength=&#8221;1em&#8221; text_text_shadow_color=&#8221;#000000&#8243; global_colors_info=&#8221;{}&#8221;]<\/p>\n<p style=\"text-align: center;\"><strong>SI COMUNICA ALLA GENTILE CLIENTELA<br \/>che il servizio \u00e8 temporaneamente sospeso<\/strong><strong><\/strong><\/p>\n<p>[\/et_pb_text][\/et_pb_column][et_pb_column type=&#8221;1_2&#8243; _builder_version=&#8221;4.16&#8243; _module_preset=&#8221;default&#8221; global_colors_info=&#8221;{}&#8221;][et_pb_image src=&#8221;https:\/\/surgelati.bottegagastronomica.it\/wp-content\/uploads\/2020\/10\/baule-emiliano.jpg&#8221; title_text=&#8221;baule-emiliano&#8221; _builder_version=&#8221;4.16&#8243; _module_preset=&#8221;default&#8221; global_colors_info=&#8221;{}&#8221;][\/et_pb_image][\/et_pb_column][\/et_pb_row][\/et_pb_section][et_pb_section fb_built=&#8221;1&#8243; _builder_version=&#8221;4.16&#8243; _module_preset=&#8221;default&#8221; background_color=&#8221;#F3F3F1&#8243; background_enable_image=&#8221;off&#8221; width=&#8221;100%&#8221; custom_margin=&#8221;60px||||false|false&#8221; custom_padding=&#8221;0px||0px||true|false&#8221; global_colors_info=&#8221;{}&#8221;][et_pb_row column_structure=&#8221;1_2,1_2&#8243; _builder_version=&#8221;4.16&#8243; _module_preset=&#8221;default&#8221; global_colors_info=&#8221;{}&#8221;][et_pb_column type=&#8221;1_2&#8243; _builder_version=&#8221;4.16&#8243; _module_preset=&#8221;default&#8221; global_colors_info=&#8221;{}&#8221;][et_pb_image src=&#8221;https:\/\/surgelati.bottegagastronomica.it\/wp-content\/uploads\/2020\/09\/73061768_1254045958116546_4652044885510062080_o.jpg&#8221; title_text=&#8221;73061768_1254045958116546_4652044885510062080_o&#8221; _builder_version=&#8221;4.16&#8243; _module_preset=&#8221;default&#8221; global_colors_info=&#8221;{}&#8221;][\/et_pb_image][\/et_pb_column][et_pb_column type=&#8221;1_2&#8243; _builder_version=&#8221;4.16&#8243; _module_preset=&#8221;default&#8221; global_colors_info=&#8221;{}&#8221;][et_pb_text _builder_version=&#8221;4.16&#8243; _module_preset=&#8221;default&#8221; text_line_height=&#8221;1.6em&#8221; header_font_size=&#8221;3.2em&#8221; header_line_height=&#8221;1.5em&#8221; header_2_font_size=&#8221;2.6em&#8221; header_2_line_height=&#8221;1.5em&#8221; header_3_font_size=&#8221;2.6em&#8221; header_3_line_height=&#8221;1.5em&#8221; header_4_font_size=&#8221;2em&#8221; header_4_line_height=&#8221;1.5em&#8221; text_orientation=&#8221;justified&#8221; custom_margin_phone=&#8221;||90%||false|false&#8221; custom_margin_last_edited=&#8221;off|desktop&#8221; header_font_size_tablet=&#8221;2.8em&#8221; header_font_size_phone=&#8221;2em&#8221; header_font_size_last_edited=&#8221;on|phone&#8221; header_2_font_size_tablet=&#8221;2.2em&#8221; header_2_font_size_phone=&#8221;1.6em&#8221; header_2_font_size_last_edited=&#8221;on|phone&#8221; header_3_font_size_tablet=&#8221;2.2em&#8221; header_3_font_size_phone=&#8221;1.6em&#8221; header_3_font_size_last_edited=&#8221;on|phone&#8221; header_4_font_size_tablet=&#8221;1.6em&#8221; header_4_font_size_phone=&#8221;1.4em&#8221; header_4_font_size_last_edited=&#8221;on|phone&#8221; global_colors_info=&#8221;{}&#8221;]<\/p>\n<h2>Tradizione intatta<\/h2>\n<p>Per la realizzazione dei nostri prodotti artigianali usiamo solo i migliori ingredienti della tradizione campagnola emiliana: uova fresche, le migliori verdure e farine selezionate. E dopo aver chiuso a mano ogni tortello e ogni cappelletto li surgeliamo per conservare intatto tutto il loro sapore senza dover aggiungere neanche un conservante.<\/p>\n<p>[\/et_pb_text][\/et_pb_column][\/et_pb_row][et_pb_row _builder_version=&#8221;4.16&#8243; _module_preset=&#8221;default&#8221; global_colors_info=&#8221;{}&#8221;][et_pb_column type=&#8221;4_4&#8243; _builder_version=&#8221;4.16&#8243; _module_preset=&#8221;default&#8221; global_colors_info=&#8221;{}&#8221;][et_pb_code _builder_version=&#8221;4.16&#8243; _module_preset=&#8221;default&#8221; global_colors_info=&#8221;{}&#8221;]<\/p>\n<style><!-- [et_pb_line_break_holder] -->@media (max-width: 479px) {<!-- [et_pb_line_break_holder] -->.woocommerce ul.products[class*=columns-] li.product{<!-- [et_pb_line_break_holder] -->width: 100% !important;<!-- [et_pb_line_break_holder] -->}<!-- [et_pb_line_break_holder] -->  .woocommerce-loop-product__title, .price{<!-- [et_pb_line_break_holder] -->    float: none!important;<!-- [et_pb_line_break_holder] -->    display: block!important;<!-- [et_pb_line_break_holder] -->  }<!-- [et_pb_line_break_holder] -->}<!-- [et_pb_line_break_holder] --><\/style>\n<p>[\/et_pb_code][\/et_pb_column][\/et_pb_row][\/et_pb_section]<\/p>\n","protected":false},"excerpt":{"rendered":"<p>Specialit\u00e0 emiliane surgelate Spediamo in diverse provincie italiane al di fuori della provincia di Reggio Emilia.Bottega Gastronomica porta direttamente a casa tua la bont\u00e0 della cucina emiliana surgelata e pronta per l&#8217;uso. Questo servizio di consegna \u00e8 stato appositamente pensato per chi non abita a Reggio Emilia e non pu\u00f2 trovare i nostri prodotti nei [&hellip;]<\/p>\n","protected":false},"author":1,"featured_media":0,"parent":0,"menu_order":0,"comment_status":"closed","ping_status":"closed","template":"","meta":{"_et_pb_use_builder":"on","_et_pb_old_content":"","_et_gb_content_width":"","footnotes":""},"class_list":["post-109","page","type-page","status-publish","hentry"],"_links":{"self":[{"href":"https:\/\/surgelati.bottegagastronomica.it\/de\/wp-json\/wp\/v2\/pages\/109","targetHints":{"allow":["GET"]}}],"collection":[{"href":"https:\/\/surgelati.bottegagastronomica.it\/de\/wp-json\/wp\/v2\/pages"}],"about":[{"href":"https:\/\/surgelati.bottegagastronomica.it\/de\/wp-json\/wp\/v2\/types\/page"}],"author":[{"embeddable":true,"href":"https:\/\/surgelati.bottegagastronomica.it\/de\/wp-json\/wp\/v2\/users\/1"}],"replies":[{"embeddable":true,"href":"https:\/\/surgelati.bottegagastronomica.it\/de\/wp-json\/wp\/v2\/comments?post=109"}],"version-history":[{"count":122,"href":"https:\/\/surgelati.bottegagastronomica.it\/de\/wp-json\/wp\/v2\/pages\/109\/revisions"}],"predecessor-version":[{"id":75307,"href":"https:\/\/surgelati.bottegagastronomica.it\/de\/wp-json\/wp\/v2\/pages\/109\/revisions\/75307"}],"wp:attachment":[{"href":"https:\/\/surgelati.bottegagastronomica.it\/de\/wp-json\/wp\/v2\/media?parent=109"}],"curies":[{"name":"wp","href":"https:\/\/api.w.org\/{rel}","templated":true}]}}